{"id":234876,"date":"2022-04-26T15:15:36","date_gmt":"2022-04-26T15:15:36","guid":{"rendered":"http:\/\/localhost\/planimport_webshop\/?page_id=234876"},"modified":"2022-05-24T12:24:17","modified_gmt":"2022-05-24T12:24:17","slug":"kerekparos-kiegeszitok","status":"publish","type":"page","link":"https:\/\/catalog.planimport.hu\/wpress\/kerekparos-kiegeszitok\/","title":{"rendered":"Ker\u00e9kp\u00e1ros kieg\u00e9szt\u00edt\u0151k"},"content":{"rendered":"<p>[et_pb_section fb_built=&#8221;1&#8243; _builder_version=&#8221;4.17.3&#8243; _module_preset=&#8221;default&#8221; background_image=&#8221;http:\/\/localhost\/planimport_webshop\/wp-content\/uploads\/2022\/04\/hatter-planimport.png&#8221; background_size=&#8221;custom&#8221; background_repeat=&#8221;repeat&#8221; custom_padding=&#8221;0px||0px||false|false&#8221; global_colors_info=&#8221;{}&#8221;][et_pb_row admin_label=&#8221;page title&#8221; _builder_version=&#8221;4.17.3&#8243; _module_preset=&#8221;default&#8221; background_color=&#8221;#FFFFFF&#8221; custom_padding=&#8221;|16px||16px|false|true&#8221; global_colors_info=&#8221;{}&#8221;][et_pb_column type=&#8221;4_4&#8243; _builder_version=&#8221;4.17.3&#8243; _module_preset=&#8221;default&#8221; global_colors_info=&#8221;{}&#8221;][et_pb_text _builder_version=&#8221;4.17.3&#8243; _module_preset=&#8221;default&#8221; text_text_color=&#8221;#6b6b6b&#8221; text_font_size=&#8221;35px&#8221; text_font_size_tablet=&#8221;35px&#8221; text_font_size_phone=&#8221;24px&#8221; text_font_size_last_edited=&#8221;on|phone&#8221; global_colors_info=&#8221;{}&#8221;]<\/p>\n<p>Ker\u00e9kp\u00e1ros kieg\u00e9szt\u00edt\u0151k<\/p>\n<p>[\/et_pb_text][\/et_pb_column][\/et_pb_row][et_pb_row _builder_version=&#8221;4.17.3&#8243; _module_preset=&#8221;default&#8221; background_color=&#8221;#FFFFFF&#8221; custom_padding=&#8221;0px|16px|72px|16px|false|true&#8221; global_colors_info=&#8221;{}&#8221;][et_pb_column type=&#8221;4_4&#8243; _builder_version=&#8221;4.17.3&#8243; _module_preset=&#8221;default&#8221; global_colors_info=&#8221;{}&#8221;][et_pb_shop type=&#8221;product_category&#8221; posts_number=&#8221;36&#8243; show_pagination=&#8221;on&#8221; include_categories=&#8221;71&#8243; columns_number=&#8221;6&#8243; orderby=&#8221;menu_order&#8221; icon_hover_color=&#8221;gcid-b9feb95f-8de1-45ae-9a2a-8b42fa02e63f&#8221; hover_overlay_color=&#8221;rgba(10,10,10,0.31)&#8221; hover_icon=&#8221;&#x62;||divi||400&#8243; show_price=&#8221;off&#8221; show_rating=&#8221;off&#8221; show_sale_badge=&#8221;off&#8221; _builder_version=&#8221;4.17.4&#8243; _module_preset=&#8221;default&#8221; title_font=&#8221;Montserrat|500|||||||&#8221; title_line_height=&#8221;1.5em&#8221; background_color=&#8221;#FFFFFF&#8221; text_orientation=&#8221;center&#8221; custom_padding=&#8221;||||true|false&#8221; hover_enabled=&#8221;0&#8243; border_radii_image=&#8221;on|6px|6px|6px|6px&#8221; border_color_all_image=&#8221;#f4f4f4&#8243; box_shadow_style_image=&#8221;preset1&#8243; global_colors_info=&#8221;{%22gcid-b9feb95f-8de1-45ae-9a2a-8b42fa02e63f%22:%91%22icon_hover_color%22%93}&#8221; sticky_enabled=&#8221;0&#8243;][\/et_pb_shop][\/et_pb_column][\/et_pb_row][\/et_pb_section]<\/p>\n","protected":false},"excerpt":{"rendered":"<p>Ker\u00e9kp\u00e1ros kieg\u00e9szt\u00edt\u0151k<\/p>\n","protected":false},"author":1,"featured_media":0,"parent":0,"menu_order":0,"comment_status":"closed","ping_status":"closed","template":"","meta":{"_et_pb_use_builder":"on","_et_pb_old_content":"","_et_gb_content_width":"","footnotes":""},"class_list":["post-234876","page","type-page","status-publish","hentry"],"_links":{"self":[{"href":"https:\/\/catalog.planimport.hu\/wpress\/wp-json\/wp\/v2\/pages\/234876","targetHints":{"allow":["GET"]}}],"collection":[{"href":"https:\/\/catalog.planimport.hu\/wpress\/wp-json\/wp\/v2\/pages"}],"about":[{"href":"https:\/\/catalog.planimport.hu\/wpress\/wp-json\/wp\/v2\/types\/page"}],"author":[{"embeddable":true,"href":"https:\/\/catalog.planimport.hu\/wpress\/wp-json\/wp\/v2\/users\/1"}],"replies":[{"embeddable":true,"href":"https:\/\/catalog.planimport.hu\/wpress\/wp-json\/wp\/v2\/comments?post=234876"}],"version-history":[{"count":1,"href":"https:\/\/catalog.planimport.hu\/wpress\/wp-json\/wp\/v2\/pages\/234876\/revisions"}],"predecessor-version":[{"id":235506,"href":"https:\/\/catalog.planimport.hu\/wpress\/wp-json\/wp\/v2\/pages\/234876\/revisions\/235506"}],"wp:attachment":[{"href":"https:\/\/catalog.planimport.hu\/wpress\/wp-json\/wp\/v2\/media?parent=234876"}],"curies":[{"name":"wp","href":"https:\/\/api.w.org\/{rel}","templated":true}]}}