{"id":235331,"date":"2022-05-23T13:35:40","date_gmt":"2022-05-23T13:35:40","guid":{"rendered":"https:\/\/catalog.planimport.hu\/wpress\/?post_type=product&#038;p=235331"},"modified":"2022-05-23T13:36:00","modified_gmt":"2022-05-23T13:36:00","slug":"disztasak-natur-ital-2","status":"publish","type":"product","link":"https:\/\/catalog.planimport.hu\/wpress\/termek\/disztasak-natur-ital-2\/","title":{"rendered":"D\u00edsztasak nat\u00far ital"},"content":{"rendered":"","protected":false},"excerpt":{"rendered":"<p>A term\u00e9ket egys\u00e9genk\u00e9nt lehet megrendelni. 1 egys\u00e9g 6 db csomagot tartalmaz. 1 csomagban 12 db d\u00edsztasak tal\u00e1lhat\u00f3.<\/p>\n","protected":false},"featured_media":235113,"template":"","meta":{"_et_pb_use_builder":"","_et_pb_old_content":"","_et_gb_content_width":""},"product_cat":[38,102],"product_tag":[37,95],"class_list":["post-235331","product","type-product","status-publish","has-post-thumbnail","hentry","product_cat-disztasakok","product_cat-party-kellekek-jatek","product_tag-disztasak","product_tag-natur"],"_links":{"self":[{"href":"https:\/\/catalog.planimport.hu\/wpress\/wp-json\/wp\/v2\/product\/235331","targetHints":{"allow":["GET"]}}],"collection":[{"href":"https:\/\/catalog.planimport.hu\/wpress\/wp-json\/wp\/v2\/product"}],"about":[{"href":"https:\/\/catalog.planimport.hu\/wpress\/wp-json\/wp\/v2\/types\/product"}],"wp:featuredmedia":[{"embeddable":true,"href":"https:\/\/catalog.planimport.hu\/wpress\/wp-json\/wp\/v2\/media\/235113"}],"wp:attachment":[{"href":"https:\/\/catalog.planimport.hu\/wpress\/wp-json\/wp\/v2\/media?parent=235331"}],"wp:term":[{"taxonomy":"product_cat","embeddable":true,"href":"https:\/\/catalog.planimport.hu\/wpress\/wp-json\/wp\/v2\/product_cat?post=235331"},{"taxonomy":"product_tag","embeddable":true,"href":"https:\/\/catalog.planimport.hu\/wpress\/wp-json\/wp\/v2\/product_tag?post=235331"}],"curies":[{"name":"wp","href":"https:\/\/api.w.org\/{rel}","templated":true}]}}