{"id":235417,"date":"2022-05-23T14:02:13","date_gmt":"2022-05-23T14:02:13","guid":{"rendered":"https:\/\/catalog.planimport.hu\/wpress\/?post_type=product&#038;p=235417"},"modified":"2022-05-23T14:02:16","modified_gmt":"2022-05-23T14:02:16","slug":"borotva-5db-os-3-penges-rozsdamentes-kremezocsikkal-ferfi-2","status":"publish","type":"product","link":"https:\/\/catalog.planimport.hu\/wpress\/termek\/borotva-5db-os-3-penges-rozsdamentes-kremezocsikkal-ferfi-2\/","title":{"rendered":"Borotva 5db-os, 3 peng\u00e9s, rozsdamentes, kr\u00e9mez\u0151cs\u00edkkal, f\u00e9rfi"},"content":{"rendered":"","protected":false},"excerpt":{"rendered":"<p>A term\u00e9ket egys\u00e9genk\u00e9nt lehet megrendelni. 1 egys\u00e9g 144 db csomagot tartalmaz. 1 csomagban 5 db borotva tal\u00e1lhat\u00f3.<\/p>\n","protected":false},"featured_media":235200,"template":"","meta":{"_et_pb_use_builder":"","_et_pb_old_content":"","_et_gb_content_width":""},"product_cat":[94,122],"product_tag":[20,29,51,79,114],"class_list":["post-235417","product","type-product","status-publish","has-post-thumbnail","hentry","product_cat-napi-hasznalati-termekek","product_cat-szepsegapolasi-kiegeszitok","product_tag-3-penges","product_tag-borotva","product_tag-ferfi","product_tag-kremezocsikkal","product_tag-rozsdamentes"],"_links":{"self":[{"href":"https:\/\/catalog.planimport.hu\/wpress\/wp-json\/wp\/v2\/product\/235417","targetHints":{"allow":["GET"]}}],"collection":[{"href":"https:\/\/catalog.planimport.hu\/wpress\/wp-json\/wp\/v2\/product"}],"about":[{"href":"https:\/\/catalog.planimport.hu\/wpress\/wp-json\/wp\/v2\/types\/product"}],"wp:featuredmedia":[{"embeddable":true,"href":"https:\/\/catalog.planimport.hu\/wpress\/wp-json\/wp\/v2\/media\/235200"}],"wp:attachment":[{"href":"https:\/\/catalog.planimport.hu\/wpress\/wp-json\/wp\/v2\/media?parent=235417"}],"wp:term":[{"taxonomy":"product_cat","embeddable":true,"href":"https:\/\/catalog.planimport.hu\/wpress\/wp-json\/wp\/v2\/product_cat?post=235417"},{"taxonomy":"product_tag","embeddable":true,"href":"https:\/\/catalog.planimport.hu\/wpress\/wp-json\/wp\/v2\/product_tag?post=235417"}],"curies":[{"name":"wp","href":"https:\/\/api.w.org\/{rel}","templated":true}]}}