{"id":235421,"date":"2022-05-23T14:02:14","date_gmt":"2022-05-23T14:02:14","guid":{"rendered":"https:\/\/catalog.planimport.hu\/wpress\/?post_type=product&#038;p=235421"},"modified":"2022-05-23T14:02:17","modified_gmt":"2022-05-23T14:02:17","slug":"cerna-szines-50m-2","status":"publish","type":"product","link":"https:\/\/catalog.planimport.hu\/wpress\/termek\/cerna-szines-50m-2\/","title":{"rendered":"C\u00e9rna, sz\u00ednes, 50m"},"content":{"rendered":"","protected":false},"excerpt":{"rendered":"<p>A term\u00e9ket egys\u00e9genk\u00e9nt lehet megrendelni. 1 egys\u00e9g 60 db term\u00e9ket tartalmaz. 1 term\u00e9kben 12 db c\u00e9rna tal\u00e1lhat\u00f3.<\/p>\n","protected":false},"featured_media":235197,"template":"","meta":{"_et_pb_use_builder":"","_et_pb_old_content":"","_et_gb_content_width":""},"product_cat":[94],"product_tag":[21,30,125],"class_list":["post-235421","product","type-product","status-publish","has-post-thumbnail","hentry","product_cat-napi-hasznalati-termekek","product_tag-50m","product_tag-cerna","product_tag-szines"],"_links":{"self":[{"href":"https:\/\/catalog.planimport.hu\/wpress\/wp-json\/wp\/v2\/product\/235421","targetHints":{"allow":["GET"]}}],"collection":[{"href":"https:\/\/catalog.planimport.hu\/wpress\/wp-json\/wp\/v2\/product"}],"about":[{"href":"https:\/\/catalog.planimport.hu\/wpress\/wp-json\/wp\/v2\/types\/product"}],"wp:featuredmedia":[{"embeddable":true,"href":"https:\/\/catalog.planimport.hu\/wpress\/wp-json\/wp\/v2\/media\/235197"}],"wp:attachment":[{"href":"https:\/\/catalog.planimport.hu\/wpress\/wp-json\/wp\/v2\/media?parent=235421"}],"wp:term":[{"taxonomy":"product_cat","embeddable":true,"href":"https:\/\/catalog.planimport.hu\/wpress\/wp-json\/wp\/v2\/product_cat?post=235421"},{"taxonomy":"product_tag","embeddable":true,"href":"https:\/\/catalog.planimport.hu\/wpress\/wp-json\/wp\/v2\/product_tag?post=235421"}],"curies":[{"name":"wp","href":"https:\/\/api.w.org\/{rel}","templated":true}]}}