{"id":235422,"date":"2022-05-23T14:02:14","date_gmt":"2022-05-23T14:02:14","guid":{"rendered":"https:\/\/catalog.planimport.hu\/wpress\/?post_type=product&#038;p=235422"},"modified":"2022-05-23T14:02:17","modified_gmt":"2022-05-23T14:02:17","slug":"disztasak-lakk-l-2","status":"publish","type":"product","link":"https:\/\/catalog.planimport.hu\/wpress\/termek\/disztasak-lakk-l-2\/","title":{"rendered":"D\u00edsztasak lakk L"},"content":{"rendered":"","protected":false},"excerpt":{"rendered":"<p>A term\u00e9ket egys\u00e9genk\u00e9nt lehet megrendelni. 1 egys\u00e9g 6 db csomagot tartalmaz. 1 csomagban 12 db d\u00edsztasak tal\u00e1lhat\u00f3.<\/p>\n","protected":false},"featured_media":235129,"template":"","meta":{"_et_pb_use_builder":"","_et_pb_old_content":"","_et_gb_content_width":""},"product_cat":[38,102],"product_tag":[37,83],"class_list":["post-235422","product","type-product","status-publish","has-post-thumbnail","hentry","product_cat-disztasakok","product_cat-party-kellekek-jatek","product_tag-disztasak","product_tag-lakkozott"],"_links":{"self":[{"href":"https:\/\/catalog.planimport.hu\/wpress\/wp-json\/wp\/v2\/product\/235422","targetHints":{"allow":["GET"]}}],"collection":[{"href":"https:\/\/catalog.planimport.hu\/wpress\/wp-json\/wp\/v2\/product"}],"about":[{"href":"https:\/\/catalog.planimport.hu\/wpress\/wp-json\/wp\/v2\/types\/product"}],"wp:featuredmedia":[{"embeddable":true,"href":"https:\/\/catalog.planimport.hu\/wpress\/wp-json\/wp\/v2\/media\/235129"}],"wp:attachment":[{"href":"https:\/\/catalog.planimport.hu\/wpress\/wp-json\/wp\/v2\/media?parent=235422"}],"wp:term":[{"taxonomy":"product_cat","embeddable":true,"href":"https:\/\/catalog.planimport.hu\/wpress\/wp-json\/wp\/v2\/product_cat?post=235422"},{"taxonomy":"product_tag","embeddable":true,"href":"https:\/\/catalog.planimport.hu\/wpress\/wp-json\/wp\/v2\/product_tag?post=235422"}],"curies":[{"name":"wp","href":"https:\/\/api.w.org\/{rel}","templated":true}]}}