{"id":235430,"date":"2022-05-23T14:02:15","date_gmt":"2022-05-23T14:02:15","guid":{"rendered":"https:\/\/catalog.planimport.hu\/wpress\/?post_type=product&#038;p=235430"},"modified":"2022-05-23T14:02:18","modified_gmt":"2022-05-23T14:02:18","slug":"egerfogo-fa-2","status":"publish","type":"product","link":"https:\/\/catalog.planimport.hu\/wpress\/termek\/egerfogo-fa-2\/","title":{"rendered":"Eg\u00e9rfog\u00f3 fa"},"content":{"rendered":"","protected":false},"excerpt":{"rendered":"<p>A term\u00e9ket egys\u00e9genk\u00e9nt lehet megrendelni. 1 egys\u00e9g 396 db term\u00e9ket tartalmaz.<\/p>\n","protected":false},"featured_media":235191,"template":"","meta":{"_et_pb_use_builder":"","_et_pb_old_content":"","_et_gb_content_width":""},"product_cat":[109],"product_tag":[31,40,41,44],"class_list":["post-235430","product","type-product","status-publish","has-post-thumbnail","hentry","product_cat-ragcsalo-es-rovarirto-eszkozok","product_tag-csapda","product_tag-eger","product_tag-egerfogo","product_tag-fa"],"_links":{"self":[{"href":"https:\/\/catalog.planimport.hu\/wpress\/wp-json\/wp\/v2\/product\/235430","targetHints":{"allow":["GET"]}}],"collection":[{"href":"https:\/\/catalog.planimport.hu\/wpress\/wp-json\/wp\/v2\/product"}],"about":[{"href":"https:\/\/catalog.planimport.hu\/wpress\/wp-json\/wp\/v2\/types\/product"}],"wp:featuredmedia":[{"embeddable":true,"href":"https:\/\/catalog.planimport.hu\/wpress\/wp-json\/wp\/v2\/media\/235191"}],"wp:attachment":[{"href":"https:\/\/catalog.planimport.hu\/wpress\/wp-json\/wp\/v2\/media?parent=235430"}],"wp:term":[{"taxonomy":"product_cat","embeddable":true,"href":"https:\/\/catalog.planimport.hu\/wpress\/wp-json\/wp\/v2\/product_cat?post=235430"},{"taxonomy":"product_tag","embeddable":true,"href":"https:\/\/catalog.planimport.hu\/wpress\/wp-json\/wp\/v2\/product_tag?post=235430"}],"curies":[{"name":"wp","href":"https:\/\/api.w.org\/{rel}","templated":true}]}}