{"id":235434,"date":"2022-05-23T14:02:15","date_gmt":"2022-05-23T14:02:15","guid":{"rendered":"https:\/\/catalog.planimport.hu\/wpress\/?post_type=product&#038;p=235434"},"modified":"2022-05-23T14:02:18","modified_gmt":"2022-05-23T14:02:18","slug":"fogkefe-felnott-piros-2","status":"publish","type":"product","link":"https:\/\/catalog.planimport.hu\/wpress\/termek\/fogkefe-felnott-piros-2\/","title":{"rendered":"Fogkefe Feln\u0151tt &#8211; piros"},"content":{"rendered":"","protected":false},"excerpt":{"rendered":"<p>A term\u00e9ket egys\u00e9genk\u00e9nt lehet megrendelni. 1 egys\u00e9g 600 db term\u00e9ket tartalmaz.<\/p>\n","protected":false},"featured_media":235186,"template":"","meta":{"_et_pb_use_builder":"","_et_pb_old_content":"","_et_gb_content_width":""},"product_cat":[54,122],"product_tag":[48,53],"class_list":["post-235434","product","type-product","status-publish","has-post-thumbnail","hentry","product_cat-fogkefek","product_cat-szepsegapolasi-kiegeszitok","product_tag-felnott","product_tag-fogkefe"],"_links":{"self":[{"href":"https:\/\/catalog.planimport.hu\/wpress\/wp-json\/wp\/v2\/product\/235434","targetHints":{"allow":["GET"]}}],"collection":[{"href":"https:\/\/catalog.planimport.hu\/wpress\/wp-json\/wp\/v2\/product"}],"about":[{"href":"https:\/\/catalog.planimport.hu\/wpress\/wp-json\/wp\/v2\/types\/product"}],"wp:featuredmedia":[{"embeddable":true,"href":"https:\/\/catalog.planimport.hu\/wpress\/wp-json\/wp\/v2\/media\/235186"}],"wp:attachment":[{"href":"https:\/\/catalog.planimport.hu\/wpress\/wp-json\/wp\/v2\/media?parent=235434"}],"wp:term":[{"taxonomy":"product_cat","embeddable":true,"href":"https:\/\/catalog.planimport.hu\/wpress\/wp-json\/wp\/v2\/product_cat?post=235434"},{"taxonomy":"product_tag","embeddable":true,"href":"https:\/\/catalog.planimport.hu\/wpress\/wp-json\/wp\/v2\/product_tag?post=235434"}],"curies":[{"name":"wp","href":"https:\/\/api.w.org\/{rel}","templated":true}]}}