{"id":235440,"date":"2022-05-23T14:02:16","date_gmt":"2022-05-23T14:02:16","guid":{"rendered":"https:\/\/catalog.planimport.hu\/wpress\/?post_type=product&#038;p=235440"},"modified":"2022-05-23T14:02:19","modified_gmt":"2022-05-23T14:02:19","slug":"fogkefe-gyerek-zold-2","status":"publish","type":"product","link":"https:\/\/catalog.planimport.hu\/wpress\/termek\/fogkefe-gyerek-zold-2\/","title":{"rendered":"Fogkefe Gyerek &#8211; z\u00f6ld"},"content":{"rendered":"","protected":false},"excerpt":{"rendered":"<p>A term\u00e9ket egys\u00e9genk\u00e9nt lehet megrendelni. 1 egys\u00e9g 600 db term\u00e9ket tartalmaz.<\/p>\n","protected":false},"featured_media":235181,"template":"","meta":{"_et_pb_use_builder":"","_et_pb_old_content":"","_et_gb_content_width":""},"product_cat":[54,122],"product_tag":[53,64],"class_list":["post-235440","product","type-product","status-publish","has-post-thumbnail","hentry","product_cat-fogkefek","product_cat-szepsegapolasi-kiegeszitok","product_tag-fogkefe","product_tag-gyerek"],"_links":{"self":[{"href":"https:\/\/catalog.planimport.hu\/wpress\/wp-json\/wp\/v2\/product\/235440","targetHints":{"allow":["GET"]}}],"collection":[{"href":"https:\/\/catalog.planimport.hu\/wpress\/wp-json\/wp\/v2\/product"}],"about":[{"href":"https:\/\/catalog.planimport.hu\/wpress\/wp-json\/wp\/v2\/types\/product"}],"wp:featuredmedia":[{"embeddable":true,"href":"https:\/\/catalog.planimport.hu\/wpress\/wp-json\/wp\/v2\/media\/235181"}],"wp:attachment":[{"href":"https:\/\/catalog.planimport.hu\/wpress\/wp-json\/wp\/v2\/media?parent=235440"}],"wp:term":[{"taxonomy":"product_cat","embeddable":true,"href":"https:\/\/catalog.planimport.hu\/wpress\/wp-json\/wp\/v2\/product_cat?post=235440"},{"taxonomy":"product_tag","embeddable":true,"href":"https:\/\/catalog.planimport.hu\/wpress\/wp-json\/wp\/v2\/product_tag?post=235440"}],"curies":[{"name":"wp","href":"https:\/\/api.w.org\/{rel}","templated":true}]}}