{"id":235465,"date":"2022-05-23T14:02:22","date_gmt":"2022-05-23T14:02:22","guid":{"rendered":"https:\/\/catalog.planimport.hu\/wpress\/?post_type=product&#038;p=235465"},"modified":"2022-05-23T14:02:25","modified_gmt":"2022-05-23T14:02:25","slug":"lakat-63mm-3db-kulccsal-2","status":"publish","type":"product","link":"https:\/\/catalog.planimport.hu\/wpress\/termek\/lakat-63mm-3db-kulccsal-2\/","title":{"rendered":"Lakat 63mm, 3db kulccsal"},"content":{"rendered":"","protected":false},"excerpt":{"rendered":"<p>A term\u00e9ket egys\u00e9genk\u00e9nt lehet megrendelni. 1 egys\u00e9g 60 db term\u00e9ket tartalmaz.<\/p>\n","protected":false},"featured_media":235166,"template":"","meta":{"_et_pb_use_builder":"","_et_pb_old_content":"","_et_gb_content_width":""},"product_cat":[94],"product_tag":[81],"class_list":["post-235465","product","type-product","status-publish","has-post-thumbnail","hentry","product_cat-napi-hasznalati-termekek","product_tag-lakat"],"_links":{"self":[{"href":"https:\/\/catalog.planimport.hu\/wpress\/wp-json\/wp\/v2\/product\/235465","targetHints":{"allow":["GET"]}}],"collection":[{"href":"https:\/\/catalog.planimport.hu\/wpress\/wp-json\/wp\/v2\/product"}],"about":[{"href":"https:\/\/catalog.planimport.hu\/wpress\/wp-json\/wp\/v2\/types\/product"}],"wp:featuredmedia":[{"embeddable":true,"href":"https:\/\/catalog.planimport.hu\/wpress\/wp-json\/wp\/v2\/media\/235166"}],"wp:attachment":[{"href":"https:\/\/catalog.planimport.hu\/wpress\/wp-json\/wp\/v2\/media?parent=235465"}],"wp:term":[{"taxonomy":"product_cat","embeddable":true,"href":"https:\/\/catalog.planimport.hu\/wpress\/wp-json\/wp\/v2\/product_cat?post=235465"},{"taxonomy":"product_tag","embeddable":true,"href":"https:\/\/catalog.planimport.hu\/wpress\/wp-json\/wp\/v2\/product_tag?post=235465"}],"curies":[{"name":"wp","href":"https:\/\/api.w.org\/{rel}","templated":true}]}}