{"id":235472,"date":"2022-05-23T14:02:26","date_gmt":"2022-05-23T14:02:26","guid":{"rendered":"https:\/\/catalog.planimport.hu\/wpress\/?post_type=product&#038;p=235472"},"modified":"2022-05-23T14:02:29","modified_gmt":"2022-05-23T14:02:29","slug":"nyel-fa-120-cm-akasztoval-natur-2","status":"publish","type":"product","link":"https:\/\/catalog.planimport.hu\/wpress\/termek\/nyel-fa-120-cm-akasztoval-natur-2\/","title":{"rendered":"Ny\u00e9l fa 120 cm, akaszt\u00f3val nat\u00far"},"content":{"rendered":"","protected":false},"excerpt":{"rendered":"<p>A term\u00e9ket egys\u00e9genk\u00e9nt lehet megrendelni. 1 egys\u00e9g 300 db term\u00e9ket tartalmaz.<\/p>\n","protected":false},"featured_media":235160,"template":"","meta":{"_et_pb_use_builder":"","_et_pb_old_content":"","_et_gb_content_width":""},"product_cat":[75],"product_tag":[18,44,95,99],"class_list":["post-235472","product","type-product","status-publish","has-post-thumbnail","hentry","product_cat-konyhai-kiegeszitok","product_tag-120cm","product_tag-fa","product_tag-natur","product_tag-nyel"],"_links":{"self":[{"href":"https:\/\/catalog.planimport.hu\/wpress\/wp-json\/wp\/v2\/product\/235472","targetHints":{"allow":["GET"]}}],"collection":[{"href":"https:\/\/catalog.planimport.hu\/wpress\/wp-json\/wp\/v2\/product"}],"about":[{"href":"https:\/\/catalog.planimport.hu\/wpress\/wp-json\/wp\/v2\/types\/product"}],"wp:featuredmedia":[{"embeddable":true,"href":"https:\/\/catalog.planimport.hu\/wpress\/wp-json\/wp\/v2\/media\/235160"}],"wp:attachment":[{"href":"https:\/\/catalog.planimport.hu\/wpress\/wp-json\/wp\/v2\/media?parent=235472"}],"wp:term":[{"taxonomy":"product_cat","embeddable":true,"href":"https:\/\/catalog.planimport.hu\/wpress\/wp-json\/wp\/v2\/product_cat?post=235472"},{"taxonomy":"product_tag","embeddable":true,"href":"https:\/\/catalog.planimport.hu\/wpress\/wp-json\/wp\/v2\/product_tag?post=235472"}],"curies":[{"name":"wp","href":"https:\/\/api.w.org\/{rel}","templated":true}]}}