{"id":235473,"date":"2022-05-23T14:02:26","date_gmt":"2022-05-23T14:02:26","guid":{"rendered":"https:\/\/catalog.planimport.hu\/wpress\/?post_type=product&#038;p=235473"},"modified":"2022-05-23T14:02:29","modified_gmt":"2022-05-23T14:02:29","slug":"papir-szivoszal-2","status":"publish","type":"product","link":"https:\/\/catalog.planimport.hu\/wpress\/termek\/papir-szivoszal-2\/","title":{"rendered":"Pap\u00edr sz\u00edv\u00f3sz\u00e1l"},"content":{"rendered":"","protected":false},"excerpt":{"rendered":"<p>A term\u00e9ket egys\u00e9genk\u00e9nt lehet megrendelni. 1 egys\u00e9g 400 db term\u00e9ket tartalmaz.<\/p>\n","protected":false},"featured_media":235140,"template":"","meta":{"_et_pb_use_builder":"","_et_pb_old_content":"","_et_gb_content_width":""},"product_cat":[75,102],"product_tag":[100,126],"class_list":["post-235473","product","type-product","status-publish","has-post-thumbnail","hentry","product_cat-konyhai-kiegeszitok","product_cat-party-kellekek-jatek","product_tag-papir","product_tag-szivoszal"],"_links":{"self":[{"href":"https:\/\/catalog.planimport.hu\/wpress\/wp-json\/wp\/v2\/product\/235473","targetHints":{"allow":["GET"]}}],"collection":[{"href":"https:\/\/catalog.planimport.hu\/wpress\/wp-json\/wp\/v2\/product"}],"about":[{"href":"https:\/\/catalog.planimport.hu\/wpress\/wp-json\/wp\/v2\/types\/product"}],"wp:featuredmedia":[{"embeddable":true,"href":"https:\/\/catalog.planimport.hu\/wpress\/wp-json\/wp\/v2\/media\/235140"}],"wp:attachment":[{"href":"https:\/\/catalog.planimport.hu\/wpress\/wp-json\/wp\/v2\/media?parent=235473"}],"wp:term":[{"taxonomy":"product_cat","embeddable":true,"href":"https:\/\/catalog.planimport.hu\/wpress\/wp-json\/wp\/v2\/product_cat?post=235473"},{"taxonomy":"product_tag","embeddable":true,"href":"https:\/\/catalog.planimport.hu\/wpress\/wp-json\/wp\/v2\/product_tag?post=235473"}],"curies":[{"name":"wp","href":"https:\/\/api.w.org\/{rel}","templated":true}]}}