{"id":235474,"date":"2022-05-23T14:02:26","date_gmt":"2022-05-23T14:02:26","guid":{"rendered":"https:\/\/catalog.planimport.hu\/wpress\/?post_type=product&#038;p=235474"},"modified":"2022-05-23T14:02:30","modified_gmt":"2022-05-23T14:02:30","slug":"partvis-es-nyel-fem-120cm-mintas-szett","status":"publish","type":"product","link":"https:\/\/catalog.planimport.hu\/wpress\/termek\/partvis-es-nyel-fem-120cm-mintas-szett\/","title":{"rendered":"Partvis \u00e9s ny\u00e9l (f\u00e9m, 120cm) mint\u00e1s szett"},"content":{"rendered":"","protected":false},"excerpt":{"rendered":"<p>A term\u00e9ket egys\u00e9genk\u00e9nt lehet megrendelni. 1 egys\u00e9g 48 db term\u00e9ket tartalmaz.<\/p>\n","protected":false},"featured_media":235159,"template":"","meta":{"_et_pb_use_builder":"","_et_pb_old_content":"","_et_gb_content_width":""},"product_cat":[75],"product_tag":[18,49,89,99,101],"class_list":["post-235474","product","type-product","status-publish","has-post-thumbnail","hentry","product_cat-konyhai-kiegeszitok","product_tag-120cm","product_tag-fem","product_tag-mintas","product_tag-nyel","product_tag-partvis"],"_links":{"self":[{"href":"https:\/\/catalog.planimport.hu\/wpress\/wp-json\/wp\/v2\/product\/235474","targetHints":{"allow":["GET"]}}],"collection":[{"href":"https:\/\/catalog.planimport.hu\/wpress\/wp-json\/wp\/v2\/product"}],"about":[{"href":"https:\/\/catalog.planimport.hu\/wpress\/wp-json\/wp\/v2\/types\/product"}],"wp:featuredmedia":[{"embeddable":true,"href":"https:\/\/catalog.planimport.hu\/wpress\/wp-json\/wp\/v2\/media\/235159"}],"wp:attachment":[{"href":"https:\/\/catalog.planimport.hu\/wpress\/wp-json\/wp\/v2\/media?parent=235474"}],"wp:term":[{"taxonomy":"product_cat","embeddable":true,"href":"https:\/\/catalog.planimport.hu\/wpress\/wp-json\/wp\/v2\/product_cat?post=235474"},{"taxonomy":"product_tag","embeddable":true,"href":"https:\/\/catalog.planimport.hu\/wpress\/wp-json\/wp\/v2\/product_tag?post=235474"}],"curies":[{"name":"wp","href":"https:\/\/api.w.org\/{rel}","templated":true}]}}