{"id":235476,"date":"2022-05-23T14:02:26","date_gmt":"2022-05-23T14:02:26","guid":{"rendered":"https:\/\/catalog.planimport.hu\/wpress\/?post_type=product&#038;p=235476"},"modified":"2022-05-23T14:02:30","modified_gmt":"2022-05-23T14:02:30","slug":"patkanyfogo-muanyag-2","status":"publish","type":"product","link":"https:\/\/catalog.planimport.hu\/wpress\/termek\/patkanyfogo-muanyag-2\/","title":{"rendered":"Patk\u00e1nyfog\u00f3 m\u0171anyag"},"content":{"rendered":"","protected":false},"excerpt":{"rendered":"<p>A term\u00e9ket egys\u00e9genk\u00e9nt lehet megrendelni. 1 egys\u00e9g 100 db term\u00e9ket tartalmaz.<\/p>\n","protected":false},"featured_media":235158,"template":"","meta":{"_et_pb_use_builder":"","_et_pb_old_content":"","_et_gb_content_width":""},"product_cat":[109],"product_tag":[31,92,103,104],"class_list":["post-235476","product","type-product","status-publish","has-post-thumbnail","hentry","product_cat-ragcsalo-es-rovarirto-eszkozok","product_tag-csapda","product_tag-muanyag","product_tag-patkany","product_tag-patkanyfogo"],"_links":{"self":[{"href":"https:\/\/catalog.planimport.hu\/wpress\/wp-json\/wp\/v2\/product\/235476","targetHints":{"allow":["GET"]}}],"collection":[{"href":"https:\/\/catalog.planimport.hu\/wpress\/wp-json\/wp\/v2\/product"}],"about":[{"href":"https:\/\/catalog.planimport.hu\/wpress\/wp-json\/wp\/v2\/types\/product"}],"wp:featuredmedia":[{"embeddable":true,"href":"https:\/\/catalog.planimport.hu\/wpress\/wp-json\/wp\/v2\/media\/235158"}],"wp:attachment":[{"href":"https:\/\/catalog.planimport.hu\/wpress\/wp-json\/wp\/v2\/media?parent=235476"}],"wp:term":[{"taxonomy":"product_cat","embeddable":true,"href":"https:\/\/catalog.planimport.hu\/wpress\/wp-json\/wp\/v2\/product_cat?post=235476"},{"taxonomy":"product_tag","embeddable":true,"href":"https:\/\/catalog.planimport.hu\/wpress\/wp-json\/wp\/v2\/product_tag?post=235476"}],"curies":[{"name":"wp","href":"https:\/\/api.w.org\/{rel}","templated":true}]}}