{"id":235483,"date":"2022-05-23T14:02:27","date_gmt":"2022-05-23T14:02:27","guid":{"rendered":"https:\/\/catalog.planimport.hu\/wpress\/?post_type=product&#038;p=235483"},"modified":"2022-05-23T14:02:31","modified_gmt":"2022-05-23T14:02:31","slug":"ruhaszarito-kor-2","status":"publish","type":"product","link":"https:\/\/catalog.planimport.hu\/wpress\/termek\/ruhaszarito-kor-2\/","title":{"rendered":"Ruhasz\u00e1r\u00edt\u00f3 k\u00f6r"},"content":{"rendered":"","protected":false},"excerpt":{"rendered":"<p>A term\u00e9ket egys\u00e9genk\u00e9nt lehet megrendelni. 1 egys\u00e9g 60 db term\u00e9ket tartalmaz.<\/p>\n","protected":false},"featured_media":235153,"template":"","meta":{"_et_pb_use_builder":"","_et_pb_old_content":"","_et_gb_content_width":""},"product_cat":[25,94],"product_tag":[115],"class_list":["post-235483","product","type-product","status-publish","has-post-thumbnail","hentry","product_cat-barkacs-es-kerti-kiegeszitok","product_cat-napi-hasznalati-termekek","product_tag-ruhaszarito"],"_links":{"self":[{"href":"https:\/\/catalog.planimport.hu\/wpress\/wp-json\/wp\/v2\/product\/235483","targetHints":{"allow":["GET"]}}],"collection":[{"href":"https:\/\/catalog.planimport.hu\/wpress\/wp-json\/wp\/v2\/product"}],"about":[{"href":"https:\/\/catalog.planimport.hu\/wpress\/wp-json\/wp\/v2\/types\/product"}],"wp:featuredmedia":[{"embeddable":true,"href":"https:\/\/catalog.planimport.hu\/wpress\/wp-json\/wp\/v2\/media\/235153"}],"wp:attachment":[{"href":"https:\/\/catalog.planimport.hu\/wpress\/wp-json\/wp\/v2\/media?parent=235483"}],"wp:term":[{"taxonomy":"product_cat","embeddable":true,"href":"https:\/\/catalog.planimport.hu\/wpress\/wp-json\/wp\/v2\/product_cat?post=235483"},{"taxonomy":"product_tag","embeddable":true,"href":"https:\/\/catalog.planimport.hu\/wpress\/wp-json\/wp\/v2\/product_tag?post=235483"}],"curies":[{"name":"wp","href":"https:\/\/api.w.org\/{rel}","templated":true}]}}