{"id":235486,"date":"2022-05-23T14:02:27","date_gmt":"2022-05-23T14:02:27","guid":{"rendered":"https:\/\/catalog.planimport.hu\/wpress\/?post_type=product&#038;p=235486"},"modified":"2022-05-23T14:02:31","modified_gmt":"2022-05-23T14:02:31","slug":"sebtapasz-10-db-os-2","status":"publish","type":"product","link":"https:\/\/catalog.planimport.hu\/wpress\/termek\/sebtapasz-10-db-os-2\/","title":{"rendered":"Sebtapasz 10 db-os"},"content":{"rendered":"","protected":false},"excerpt":{"rendered":"<p>A term\u00e9ket egys\u00e9genk\u00e9nt lehet megrendelni. 1 egys\u00e9g 1200 db term\u00e9ket tartalmaz.<\/p>\n","protected":false},"featured_media":235152,"template":"","meta":{"_et_pb_use_builder":"","_et_pb_old_content":"","_et_gb_content_width":""},"product_cat":[94,122],"product_tag":[116],"class_list":["post-235486","product","type-product","status-publish","has-post-thumbnail","hentry","product_cat-napi-hasznalati-termekek","product_cat-szepsegapolasi-kiegeszitok","product_tag-sebtapasz"],"_links":{"self":[{"href":"https:\/\/catalog.planimport.hu\/wpress\/wp-json\/wp\/v2\/product\/235486","targetHints":{"allow":["GET"]}}],"collection":[{"href":"https:\/\/catalog.planimport.hu\/wpress\/wp-json\/wp\/v2\/product"}],"about":[{"href":"https:\/\/catalog.planimport.hu\/wpress\/wp-json\/wp\/v2\/types\/product"}],"wp:featuredmedia":[{"embeddable":true,"href":"https:\/\/catalog.planimport.hu\/wpress\/wp-json\/wp\/v2\/media\/235152"}],"wp:attachment":[{"href":"https:\/\/catalog.planimport.hu\/wpress\/wp-json\/wp\/v2\/media?parent=235486"}],"wp:term":[{"taxonomy":"product_cat","embeddable":true,"href":"https:\/\/catalog.planimport.hu\/wpress\/wp-json\/wp\/v2\/product_cat?post=235486"},{"taxonomy":"product_tag","embeddable":true,"href":"https:\/\/catalog.planimport.hu\/wpress\/wp-json\/wp\/v2\/product_tag?post=235486"}],"curies":[{"name":"wp","href":"https:\/\/api.w.org\/{rel}","templated":true}]}}