{"id":235492,"date":"2022-05-23T14:02:28","date_gmt":"2022-05-23T14:02:28","guid":{"rendered":"https:\/\/catalog.planimport.hu\/wpress\/?post_type=product&#038;p=235492"},"modified":"2022-05-23T14:02:31","modified_gmt":"2022-05-23T14:02:31","slug":"uvegpohar-6db-os-200ml-atlatszo-2","status":"publish","type":"product","link":"https:\/\/catalog.planimport.hu\/wpress\/termek\/uvegpohar-6db-os-200ml-atlatszo-2\/","title":{"rendered":"\u00dcvegpoh\u00e1r 6db-os, 200ml, \u00e1tl\u00e1tsz\u00f3"},"content":{"rendered":"","protected":false},"excerpt":{"rendered":"<p>A term\u00e9ket egys\u00e9genk\u00e9nt lehet megrendelni. 1 egys\u00e9g 72 db csomagot tartalmaz. 1 csomagban 6 db poh\u00e1r tal\u00e1lhat\u00f3.<\/p>\n","protected":false},"featured_media":235146,"template":"","meta":{"_et_pb_use_builder":"","_et_pb_old_content":"","_et_gb_content_width":""},"product_cat":[75],"product_tag":[107,134],"class_list":["post-235492","product","type-product","status-publish","has-post-thumbnail","hentry","product_cat-konyhai-kiegeszitok","product_tag-pohar","product_tag-uveg"],"_links":{"self":[{"href":"https:\/\/catalog.planimport.hu\/wpress\/wp-json\/wp\/v2\/product\/235492","targetHints":{"allow":["GET"]}}],"collection":[{"href":"https:\/\/catalog.planimport.hu\/wpress\/wp-json\/wp\/v2\/product"}],"about":[{"href":"https:\/\/catalog.planimport.hu\/wpress\/wp-json\/wp\/v2\/types\/product"}],"wp:featuredmedia":[{"embeddable":true,"href":"https:\/\/catalog.planimport.hu\/wpress\/wp-json\/wp\/v2\/media\/235146"}],"wp:attachment":[{"href":"https:\/\/catalog.planimport.hu\/wpress\/wp-json\/wp\/v2\/media?parent=235492"}],"wp:term":[{"taxonomy":"product_cat","embeddable":true,"href":"https:\/\/catalog.planimport.hu\/wpress\/wp-json\/wp\/v2\/product_cat?post=235492"},{"taxonomy":"product_tag","embeddable":true,"href":"https:\/\/catalog.planimport.hu\/wpress\/wp-json\/wp\/v2\/product_tag?post=235492"}],"curies":[{"name":"wp","href":"https:\/\/api.w.org\/{rel}","templated":true}]}}