{"id":235501,"date":"2022-05-23T14:02:33","date_gmt":"2022-05-23T14:02:33","guid":{"rendered":"https:\/\/catalog.planimport.hu\/wpress\/?post_type=product&#038;p=235501"},"modified":"2022-05-23T14:02:33","modified_gmt":"2022-05-23T14:02:33","slug":"egerfogo-fem-2","status":"publish","type":"product","link":"https:\/\/catalog.planimport.hu\/wpress\/termek\/egerfogo-fem-2\/","title":{"rendered":"Eg\u00e9rfog\u00f3 f\u00e9m"},"content":{"rendered":"","protected":false},"excerpt":{"rendered":"","protected":false},"featured_media":235190,"template":"","meta":{"_et_pb_use_builder":"","_et_pb_old_content":"","_et_gb_content_width":""},"product_cat":[109],"product_tag":[31,40,41,49],"class_list":["post-235501","product","type-product","status-publish","has-post-thumbnail","hentry","product_cat-ragcsalo-es-rovarirto-eszkozok","product_tag-csapda","product_tag-eger","product_tag-egerfogo","product_tag-fem"],"_links":{"self":[{"href":"https:\/\/catalog.planimport.hu\/wpress\/wp-json\/wp\/v2\/product\/235501","targetHints":{"allow":["GET"]}}],"collection":[{"href":"https:\/\/catalog.planimport.hu\/wpress\/wp-json\/wp\/v2\/product"}],"about":[{"href":"https:\/\/catalog.planimport.hu\/wpress\/wp-json\/wp\/v2\/types\/product"}],"wp:featuredmedia":[{"embeddable":true,"href":"https:\/\/catalog.planimport.hu\/wpress\/wp-json\/wp\/v2\/media\/235190"}],"wp:attachment":[{"href":"https:\/\/catalog.planimport.hu\/wpress\/wp-json\/wp\/v2\/media?parent=235501"}],"wp:term":[{"taxonomy":"product_cat","embeddable":true,"href":"https:\/\/catalog.planimport.hu\/wpress\/wp-json\/wp\/v2\/product_cat?post=235501"},{"taxonomy":"product_tag","embeddable":true,"href":"https:\/\/catalog.planimport.hu\/wpress\/wp-json\/wp\/v2\/product_tag?post=235501"}],"curies":[{"name":"wp","href":"https:\/\/api.w.org\/{rel}","templated":true}]}}